{"id":417,"date":"2020-05-13T13:54:57","date_gmt":"2020-05-13T13:54:57","guid":{"rendered":"http:\/\/www.moncasoft.com:8008\/ms\/servicios__trashed\/assessorament\/"},"modified":"2023-11-03T16:55:19","modified_gmt":"2023-11-03T16:55:19","slug":"assessorament","status":"publish","type":"page","link":"https:\/\/www.moncasoft.com\/es\/assessorament\/","title":{"rendered":"Asesoramiento"},"content":{"rendered":"\t\t<div data-elementor-type=\"wp-page\" data-elementor-id=\"417\" class=\"elementor elementor-417\">\n\t\t\t\t\t\t<section class=\"elementor-section elementor-top-section elementor-element elementor-element-24e4e2f0 elementor-section-content-middle elementor-reverse-mobile elementor-section-boxed elementor-section-height-default elementor-section-height-default\" data-id=\"24e4e2f0\" data-element_type=\"section\" data-settings=\"{&quot;background_background&quot;:&quot;classic&quot;}\">\n\t\t\t\t\t\t<div class=\"elementor-container elementor-column-gap-no\">\n\t\t\t\t\t<div class=\"elementor-column elementor-col-50 elementor-top-column elementor-element elementor-element-2ed11784\" data-id=\"2ed11784\" data-element_type=\"column\">\n\t\t\t<div class=\"elementor-widget-wrap elementor-element-populated\">\n\t\t\t\t\t\t<div class=\"elementor-element elementor-element-399bae6d elementor-widget elementor-widget-heading\" data-id=\"399bae6d\" data-element_type=\"widget\" data-widget_type=\"heading.default\">\n\t\t\t\t<div class=\"elementor-widget-container\">\n\t\t\t\t\t<h3 class=\"elementor-heading-title elementor-size-default\">Asesoramiento inform\u00e1tico<\/h3>\t\t\t\t<\/div>\n\t\t\t\t<\/div>\n\t\t\t\t<div class=\"elementor-element elementor-element-25601036 elementor-widget elementor-widget-text-editor\" data-id=\"25601036\" data-element_type=\"widget\" data-widget_type=\"text-editor.default\">\n\t\t\t\t<div class=\"elementor-widget-container\">\n\t\t\t\t\t\t\t\t\t<p>En Moncasoft te brindamos un servicio de asesoramiento altamente personalizado con un trato directo para ayudarte a iniciar o mejorar tu proyecto inform\u00e1tico.<\/p>\n<p>Nuestra amplia gama de especializaciones en diversas \u00e1reas de la inform\u00e1tica empresarial te permite lograr una optimizaci\u00f3n integral de tu sistema:<\/p>\n<ul>\n<li>Redes y comunicaciones<\/li>\n<li>Infraestructura y servidores locales y en la nube<\/li>\n<li>Software<\/li>\n<li>Movilidad<\/li>\n<li>Soluciones web y comercio electr\u00f3nico<\/li>\n<\/ul>\n<p>Estamos comprometidos en proporcionarte las soluciones tecnol\u00f3gicas que necesitas para alcanzar tus objetivos empresariales. Cont\u00e1ctanos hoy mismo y descubre c\u00f3mo podemos ayudarte a potenciar tu presencia digital.<\/p>\n<div class=\"flex justify-between empty:hidden gizmo:justify-start gizmo:gap-3 lg:block gizmo:lg:flex\">\n<div class=\"text-gray-400 flex self-end lg:self-center justify-center gizmo:lg:justify-start mt-2 gizmo:mt-0 visible lg:gap-1 lg:absolute lg:top-0 lg:translate-x-full lg:right-0 lg:mt-0 lg:pl-2 gap-2 md:gap-3\"><\/div>\n<\/div>\n<div class=\"flex-1 overflow-hidden\">\n<div class=\"react-scroll-to-bottom--css-rpkxs-79elbk h-full\">\n<div class=\"react-scroll-to-bottom--css-rpkxs-1n7m0yu\">\n<div class=\"flex flex-col text-sm gizmo:pb-9 dark:bg-gray-800 gizmo:dark:bg-transparent\">\n<div class=\"h-36 md:h-48 flex-shrink-0\"><\/div>\n<\/div>\n<\/div>\n<\/div>\n<\/div>\n<div class=\"grow\"><br><\/div>\t\t\t\t\t\t\t\t<\/div>\n\t\t\t\t<\/div>\n\t\t\t\t\t<\/div>\n\t\t<\/div>\n\t\t\t\t<div class=\"elementor-column elementor-col-50 elementor-top-column elementor-element elementor-element-15036597\" data-id=\"15036597\" data-element_type=\"column\">\n\t\t\t<div class=\"elementor-widget-wrap elementor-element-populated\">\n\t\t\t\t\t\t<div class=\"elementor-element elementor-element-1a763461 elementor-widget elementor-widget-image\" data-id=\"1a763461\" data-element_type=\"widget\" data-widget_type=\"image.default\">\n\t\t\t\t<div class=\"elementor-widget-container\">\n\t\t\t\t\t\t\t\t\t\t\t\t\t\t\t<img fetchpriority=\"high\" decoding=\"async\" width=\"1920\" height=\"1280\" src=\"https:\/\/www.moncasoft.com\/wp-content\/uploads\/2020\/05\/assessorament.jpg\" class=\"attachment-full size-full wp-image-172\" alt=\"\" srcset=\"https:\/\/www.moncasoft.com\/wp-content\/uploads\/2020\/05\/assessorament.jpg 1920w, https:\/\/www.moncasoft.com\/wp-content\/uploads\/2020\/05\/assessorament-300x200.jpg 300w, https:\/\/www.moncasoft.com\/wp-content\/uploads\/2020\/05\/assessorament-1024x683.jpg 1024w, https:\/\/www.moncasoft.com\/wp-content\/uploads\/2020\/05\/assessorament-768x512.jpg 768w, https:\/\/www.moncasoft.com\/wp-content\/uploads\/2020\/05\/assessorament-1536x1024.jpg 1536w\" sizes=\"(max-width: 1920px) 100vw, 1920px\" \/>\t\t\t\t\t\t\t\t\t\t\t\t\t\t\t<\/div>\n\t\t\t\t<\/div>\n\t\t\t\t\t<\/div>\n\t\t<\/div>\n\t\t\t\t\t<\/div>\n\t\t<\/section>\n\t\t\t\t<\/div>\n\t\t","protected":false},"excerpt":{"rendered":"<p>Asesoramiento inform\u00e1tico En Moncasoft te brindamos un servicio de asesoramiento altamente personalizado con un trato directo para ayudarte a iniciar o mejorar tu proyecto inform\u00e1tico. Nuestra amplia gama de especializaciones en diversas \u00e1reas de la inform\u00e1tica empresarial te permite lograr una optimizaci\u00f3n integral de tu sistema: Redes y comunicaciones Infraestructura y servidores locales y en&#8230;<\/p>\n","protected":false},"author":2,"featured_media":0,"parent":0,"menu_order":0,"comment_status":"closed","ping_status":"closed","template":"","meta":{"footnotes":""},"class_list":["post-417","page","type-page","status-publish","hentry"],"yoast_head":"<!-- This site is optimized with the Yoast SEO plugin v26.4 - https:\/\/yoast.com\/wordpress\/plugins\/seo\/ -->\n<title>Asesoramiento - Moncasoft<\/title>\n<meta name=\"robots\" content=\"index, follow, max-snippet:-1, max-image-preview:large, max-video-preview:-1\" \/>\n<link rel=\"canonical\" href=\"https:\/\/www.moncasoft.com\/es\/assessorament\/\" \/>\n<meta property=\"og:locale\" content=\"es_ES\" \/>\n<meta property=\"og:type\" content=\"article\" \/>\n<meta property=\"og:title\" content=\"Asesoramiento - Moncasoft\" \/>\n<meta property=\"og:description\" content=\"Asesoramiento inform\u00e1tico En Moncasoft te brindamos un servicio de asesoramiento altamente personalizado con un trato directo para ayudarte a iniciar o mejorar tu proyecto inform\u00e1tico. Nuestra amplia gama de especializaciones en diversas \u00e1reas de la inform\u00e1tica empresarial te permite lograr una optimizaci\u00f3n integral de tu sistema: Redes y comunicaciones Infraestructura y servidores locales y en...\" \/>\n<meta property=\"og:url\" content=\"https:\/\/www.moncasoft.com\/es\/assessorament\/\" \/>\n<meta property=\"og:site_name\" content=\"Moncasoft\" \/>\n<meta property=\"article:modified_time\" content=\"2023-11-03T16:55:19+00:00\" \/>\n<meta property=\"og:image\" content=\"https:\/\/www.moncasoft.com\/wp-content\/uploads\/2020\/05\/assessorament.jpg\" \/>\n<meta name=\"twitter:card\" content=\"summary_large_image\" \/>\n<meta name=\"twitter:label1\" content=\"Tiempo de lectura\" \/>\n\t<meta name=\"twitter:data1\" content=\"1 minuto\" \/>\n<script type=\"application\/ld+json\" class=\"yoast-schema-graph\">{\"@context\":\"https:\/\/schema.org\",\"@graph\":[{\"@type\":\"WebPage\",\"@id\":\"https:\/\/www.moncasoft.com\/es\/assessorament\/\",\"url\":\"https:\/\/www.moncasoft.com\/es\/assessorament\/\",\"name\":\"Asesoramiento - Moncasoft\",\"isPartOf\":{\"@id\":\"https:\/\/www.moncasoft.com\/#website\"},\"primaryImageOfPage\":{\"@id\":\"https:\/\/www.moncasoft.com\/es\/assessorament\/#primaryimage\"},\"image\":{\"@id\":\"https:\/\/www.moncasoft.com\/es\/assessorament\/#primaryimage\"},\"thumbnailUrl\":\"https:\/\/www.moncasoft.com\/wp-content\/uploads\/2020\/05\/assessorament.jpg\",\"datePublished\":\"2020-05-13T13:54:57+00:00\",\"dateModified\":\"2023-11-03T16:55:19+00:00\",\"breadcrumb\":{\"@id\":\"https:\/\/www.moncasoft.com\/es\/assessorament\/#breadcrumb\"},\"inLanguage\":\"es\",\"potentialAction\":[{\"@type\":\"ReadAction\",\"target\":[\"https:\/\/www.moncasoft.com\/es\/assessorament\/\"]}]},{\"@type\":\"ImageObject\",\"inLanguage\":\"es\",\"@id\":\"https:\/\/www.moncasoft.com\/es\/assessorament\/#primaryimage\",\"url\":\"https:\/\/www.moncasoft.com\/wp-content\/uploads\/2020\/05\/assessorament.jpg\",\"contentUrl\":\"https:\/\/www.moncasoft.com\/wp-content\/uploads\/2020\/05\/assessorament.jpg\"},{\"@type\":\"BreadcrumbList\",\"@id\":\"https:\/\/www.moncasoft.com\/es\/assessorament\/#breadcrumb\",\"itemListElement\":[{\"@type\":\"ListItem\",\"position\":1,\"name\":\"Inici\",\"item\":\"https:\/\/www.moncasoft.com\/es\/\"},{\"@type\":\"ListItem\",\"position\":2,\"name\":\"Asesoramiento\"}]},{\"@type\":\"WebSite\",\"@id\":\"https:\/\/www.moncasoft.com\/#website\",\"url\":\"https:\/\/www.moncasoft.com\/\",\"name\":\"Moncasoft\",\"description\":\"Manteniment inform\u00e0tic a Girona i servidors al n\u00favol\",\"publisher\":{\"@id\":\"https:\/\/www.moncasoft.com\/#organization\"},\"potentialAction\":[{\"@type\":\"SearchAction\",\"target\":{\"@type\":\"EntryPoint\",\"urlTemplate\":\"https:\/\/www.moncasoft.com\/?s={search_term_string}\"},\"query-input\":{\"@type\":\"PropertyValueSpecification\",\"valueRequired\":true,\"valueName\":\"search_term_string\"}}],\"inLanguage\":\"es\"},{\"@type\":\"Organization\",\"@id\":\"https:\/\/www.moncasoft.com\/#organization\",\"name\":\"Moncasoft\",\"url\":\"https:\/\/www.moncasoft.com\/\",\"logo\":{\"@type\":\"ImageObject\",\"inLanguage\":\"es\",\"@id\":\"https:\/\/www.moncasoft.com\/#\/schema\/logo\/image\/\",\"url\":\"https:\/\/www.moncasoft.com\/wp-content\/uploads\/2020\/06\/cropped-LogoMoncaSoft-1-e1594735646620.png\",\"contentUrl\":\"https:\/\/www.moncasoft.com\/wp-content\/uploads\/2020\/06\/cropped-LogoMoncaSoft-1-e1594735646620.png\",\"width\":250,\"height\":135,\"caption\":\"Moncasoft\"},\"image\":{\"@id\":\"https:\/\/www.moncasoft.com\/#\/schema\/logo\/image\/\"}}]}<\/script>\n<!-- \/ Yoast SEO plugin. -->","yoast_head_json":{"title":"Asesoramiento - Moncasoft","robots":{"index":"index","follow":"follow","max-snippet":"max-snippet:-1","max-image-preview":"max-image-preview:large","max-video-preview":"max-video-preview:-1"},"canonical":"https:\/\/www.moncasoft.com\/es\/assessorament\/","og_locale":"es_ES","og_type":"article","og_title":"Asesoramiento - Moncasoft","og_description":"Asesoramiento inform\u00e1tico En Moncasoft te brindamos un servicio de asesoramiento altamente personalizado con un trato directo para ayudarte a iniciar o mejorar tu proyecto inform\u00e1tico. Nuestra amplia gama de especializaciones en diversas \u00e1reas de la inform\u00e1tica empresarial te permite lograr una optimizaci\u00f3n integral de tu sistema: Redes y comunicaciones Infraestructura y servidores locales y en...","og_url":"https:\/\/www.moncasoft.com\/es\/assessorament\/","og_site_name":"Moncasoft","article_modified_time":"2023-11-03T16:55:19+00:00","og_image":[{"url":"https:\/\/www.moncasoft.com\/wp-content\/uploads\/2020\/05\/assessorament.jpg","type":"","width":"","height":""}],"twitter_card":"summary_large_image","twitter_misc":{"Tiempo de lectura":"1 minuto"},"schema":{"@context":"https:\/\/schema.org","@graph":[{"@type":"WebPage","@id":"https:\/\/www.moncasoft.com\/es\/assessorament\/","url":"https:\/\/www.moncasoft.com\/es\/assessorament\/","name":"Asesoramiento - Moncasoft","isPartOf":{"@id":"https:\/\/www.moncasoft.com\/#website"},"primaryImageOfPage":{"@id":"https:\/\/www.moncasoft.com\/es\/assessorament\/#primaryimage"},"image":{"@id":"https:\/\/www.moncasoft.com\/es\/assessorament\/#primaryimage"},"thumbnailUrl":"https:\/\/www.moncasoft.com\/wp-content\/uploads\/2020\/05\/assessorament.jpg","datePublished":"2020-05-13T13:54:57+00:00","dateModified":"2023-11-03T16:55:19+00:00","breadcrumb":{"@id":"https:\/\/www.moncasoft.com\/es\/assessorament\/#breadcrumb"},"inLanguage":"es","potentialAction":[{"@type":"ReadAction","target":["https:\/\/www.moncasoft.com\/es\/assessorament\/"]}]},{"@type":"ImageObject","inLanguage":"es","@id":"https:\/\/www.moncasoft.com\/es\/assessorament\/#primaryimage","url":"https:\/\/www.moncasoft.com\/wp-content\/uploads\/2020\/05\/assessorament.jpg","contentUrl":"https:\/\/www.moncasoft.com\/wp-content\/uploads\/2020\/05\/assessorament.jpg"},{"@type":"BreadcrumbList","@id":"https:\/\/www.moncasoft.com\/es\/assessorament\/#breadcrumb","itemListElement":[{"@type":"ListItem","position":1,"name":"Inici","item":"https:\/\/www.moncasoft.com\/es\/"},{"@type":"ListItem","position":2,"name":"Asesoramiento"}]},{"@type":"WebSite","@id":"https:\/\/www.moncasoft.com\/#website","url":"https:\/\/www.moncasoft.com\/","name":"Moncasoft","description":"Manteniment inform\u00e0tic a Girona i servidors al n\u00favol","publisher":{"@id":"https:\/\/www.moncasoft.com\/#organization"},"potentialAction":[{"@type":"SearchAction","target":{"@type":"EntryPoint","urlTemplate":"https:\/\/www.moncasoft.com\/?s={search_term_string}"},"query-input":{"@type":"PropertyValueSpecification","valueRequired":true,"valueName":"search_term_string"}}],"inLanguage":"es"},{"@type":"Organization","@id":"https:\/\/www.moncasoft.com\/#organization","name":"Moncasoft","url":"https:\/\/www.moncasoft.com\/","logo":{"@type":"ImageObject","inLanguage":"es","@id":"https:\/\/www.moncasoft.com\/#\/schema\/logo\/image\/","url":"https:\/\/www.moncasoft.com\/wp-content\/uploads\/2020\/06\/cropped-LogoMoncaSoft-1-e1594735646620.png","contentUrl":"https:\/\/www.moncasoft.com\/wp-content\/uploads\/2020\/06\/cropped-LogoMoncaSoft-1-e1594735646620.png","width":250,"height":135,"caption":"Moncasoft"},"image":{"@id":"https:\/\/www.moncasoft.com\/#\/schema\/logo\/image\/"}}]}},"_links":{"self":[{"href":"https:\/\/www.moncasoft.com\/es\/wp-json\/wp\/v2\/pages\/417","targetHints":{"allow":["GET"]}}],"collection":[{"href":"https:\/\/www.moncasoft.com\/es\/wp-json\/wp\/v2\/pages"}],"about":[{"href":"https:\/\/www.moncasoft.com\/es\/wp-json\/wp\/v2\/types\/page"}],"author":[{"embeddable":true,"href":"https:\/\/www.moncasoft.com\/es\/wp-json\/wp\/v2\/users\/2"}],"replies":[{"embeddable":true,"href":"https:\/\/www.moncasoft.com\/es\/wp-json\/wp\/v2\/comments?post=417"}],"version-history":[{"count":12,"href":"https:\/\/www.moncasoft.com\/es\/wp-json\/wp\/v2\/pages\/417\/revisions"}],"predecessor-version":[{"id":806,"href":"https:\/\/www.moncasoft.com\/es\/wp-json\/wp\/v2\/pages\/417\/revisions\/806"}],"wp:attachment":[{"href":"https:\/\/www.moncasoft.com\/es\/wp-json\/wp\/v2\/media?parent=417"}],"curies":[{"name":"wp","href":"https:\/\/api.w.org\/{rel}","templated":true}]}}